{"id":3,"date":"2025-09-11T08:16:49","date_gmt":"2025-09-11T08:16:49","guid":{"rendered":"http:\/\/carlosamereconomista.es\/?page_id=3"},"modified":"2025-12-10T18:26:25","modified_gmt":"2025-12-10T18:26:25","slug":"politica-de-privacidad","status":"publish","type":"page","link":"https:\/\/carlosamereconomista.es\/en\/politica-de-privacidad\/","title":{"rendered":"Pol\u00edtica de Privacidad"},"content":{"rendered":"<div data-elementor-type=\"wp-page\" data-elementor-id=\"3\" class=\"elementor elementor-3\">\n\t\t\t\t<div class=\"elementor-element elementor-element-74bbb1ec e-flex e-con-boxed e-con e-parent\" data-id=\"74bbb1ec\" data-element_type=\"container\">\n\t\t\t\t\t<div class=\"e-con-inner\">\n\t\t\t\t<div class=\"elementor-element elementor-element-770df3b3 elementor-widget elementor-widget-text-editor\" data-id=\"770df3b3\" data-element_type=\"widget\" data-widget_type=\"text-editor.default\">\n\t\t\t\t\t\t\t\t\t<p><\/p>\n<h2 class=\"wp-block-heading\">Informaci\u00f3n ampliada sobre Protecci\u00f3n de Datos<\/h2>\n<p>La entidad Carlos Amer Mochol\u00ed cumple con la normativa de privacidad y de protecci\u00f3n de datos personales vigente en la Uni\u00f3n Europea, particularmente lo referido al Reglamento (UE) 679\/2016, conocido como Reglamento General de Protecci\u00f3n de Datos (RGPD) y a la LO 3\/2018, de 5 de diciembre de Protecci\u00f3n de Datos Personales y garant\u00eda de los derechos digitales (LOPDGDD)<\/p>\n<p>Los sistemas de Carlos Amer Mochol\u00ed est\u00e1n dise\u00f1ados atendiendo a la importancia de los derechos fundamentales de las personas cuya informaci\u00f3n trata, especialmente los derechos a la intimidad y al honor personal. Para ello, la entidad Carlos Amer Mochol\u00ed cumple adem\u00e1s con la Ley 34\/2002, de 11 de julio, de Servicios de la Sociedad de la Informaci\u00f3n y de Comercio Electr\u00f3nico.<\/p>\n<p>De acuerdo con la normativa actual, no se considerar\u00e1 consentimiento v\u00e1lido en el contexto de los Servicios de la Sociedad de la Informaci\u00f3n aquel dado por menores de 13 a\u00f1os en ning\u00fan caso, y se requerir\u00e1 autorizaci\u00f3n por los padres o tutores legales cuando el consentimiento sea otorgado por menores entre los 13 y 18 a\u00f1os.<\/p>\n<p>En ning\u00fan caso la entidad Carlos Amer Mochol\u00ed solicitar\u00e1 a los menores informaci\u00f3n sobre la situaci\u00f3n socioecon\u00f3mica de sus padres o tutores, ni ninguna otra informaci\u00f3n personal no imprescindible para la prestaci\u00f3n de servicios.<\/p>\n<p>A continuaci\u00f3n, se ofrece con detalle la informaci\u00f3n sobre protecci\u00f3n de datos que deben conocer las personas cuyos datos sean tratados por Carlos Amer Mochol\u00ed<\/p>\n<h2>Responsable de los Datos Personales<\/h2>\n<p>Los datos personales almacenados por Carlos Amer Mochol\u00ed \u00a0son responsabilidad de:<\/p>\n<ul>\n<li><strong>Nombre Comercial: Carlos Amer Mochol\u00ed<\/strong><\/li>\n<li><strong>CIF:<\/strong> ES 24373766E<\/li>\n<li><strong>Representante Legal: Carlos Amer Mochol\u00ed<\/strong><\/li>\n<li><strong>Direcci\u00f3n:\u00a0<\/strong>C\/ Marines 13, 46015 Valencia (Espa\u00f1a)<\/li>\n<li><strong>Tel\u00e9fono:<\/strong> +34 620 69 90 92<\/li>\n<li><strong>Email:\u00a0<\/strong>info@carlosamereconomista.es<\/li>\n<\/ul>\n<h2>Datos personales que se tratan<\/h2>\n<p>Los datos personales que son objeto de tratamiento en Carlos Amer Mochol\u00ed son:<\/p>\n<ul>\n<li>Para la prestaci\u00f3n de un servicio a los clientes: nombre y apellidos, direcci\u00f3n postal, tel\u00e9fono y correo electr\u00f3nico. En el caso de que alguno de estos datos no sea proporcionado por el interesado, esto puede impedir la prestaci\u00f3n de dicho servicio.<\/li>\n<li>Para el cumplimiento de las obligaciones legales de Carlos Amer Mochol\u00ed: nombre y apellidos, direcci\u00f3n postal, tel\u00e9fono y correo electr\u00f3nico.<\/li>\n<\/ul>\n<p>En caso de que alguno de estos datos no sea proporcionado por el interesado, esto puede impedir la continuidad de la relaci\u00f3n entre la entidad y el interesado.<\/p>\n<ul>\n<li>Para la navegaci\u00f3n web: IP, patr\u00f3n de uso de la web, caracter\u00edsticas t\u00e9cnicas del dispositivo electr\u00f3nico desde el que se accede.<\/li>\n<li>Para el env\u00edo de publicidad y comunicaciones comerciales: nombre y apellidos, direcci\u00f3n postal, correo electr\u00f3nico y tel\u00e9fono.<\/li>\n<\/ul>\n<p>En cualquier caso, los datos personales que se tratan en la entidad son los m\u00ednimos e imprescindibles para conseguir la finalidad correspondiente. (Ver el apartado siguiente).<\/p>\n<h2>Finalidad para la que se tratan Datos Personales<\/h2>\n<p>En Carlos Amer Mochol\u00ed podemos tratar la informaci\u00f3n que nos facilitan los interesados con el fin de:<\/p>\n<ul>\n<li>Desarrollar y ejecutar la relaci\u00f3n contractual de compraventa online.<\/li>\n<li>Cumplir con nuestras obligaciones legales y de prevenci\u00f3n de fraude.<\/li>\n<li>Garantizar una adecuada usabilidad y navegaci\u00f3n web a trav\u00e9s de cookies\u00a0<strong><em>(para m\u00e1s informaci\u00f3n, consulte la Pol\u00edtica de Cookies)<\/em><\/strong>.<\/li>\n<li>En el caso de que una persona lo consienta de forma expl\u00edcita, para el env\u00edo de publicidad y la realizaci\u00f3n de actividades promocionales. Este consentimiento podr\u00e1 ser revocado en cualquier momento.<\/li>\n<\/ul>\n<h2>Tiempo de conservaci\u00f3n de los datos<\/h2>\n<p>Los datos personales ser\u00e1n conservados por Carlos Amer Mochol\u00ed dentro de los l\u00edmites establecidos por la legalidad vigente en funci\u00f3n de los servicios prestados, mientras se mantenga la relaci\u00f3n mercantil y\/o durante el tiempo que pueda existir alguna responsabilidad derivada de dicha relaci\u00f3n. Concluido el plazo los datos ser\u00e1n destruidos y se conservar\u00e1n \u00fanicamente los imprescindibles para el ejercicio de reclamaciones futuras.<\/p>\n<h2>Legitimaci\u00f3n para el tratamiento de datos personales<\/h2>\n<p>El tratamiento de sus datos personales por parte de Carlos Amer Mochol\u00ed tiene lugar avalado por una o varias de las siguientes legitimaciones:<\/p>\n<ul>\n<li>El interesado ha dado su consentimiento.<\/li>\n<li>Carlos Amer Mochol\u00ed tiene un inter\u00e9s leg\u00edtimo en el tratamiento de esa informaci\u00f3n personal que es compatible con los derechos y libertades fundamentales de las personas, como en el caso de la adecuada gesti\u00f3n de la atenci\u00f3n al cliente o en el env\u00edo de informaci\u00f3n sobre productos y servicios a clientes que solicitaron un producto o servicio similar en el pasado.<\/li>\n<\/ul>\n<h2>Destinatarios de sus datos personales<\/h2>\n<p>Los destinatarios de sus datos personales, si fueran aplicables en su caso como cliente o usuario web, lo ser\u00e1n siempre dentro del marco de una cesi\u00f3n leg\u00edtima y detallada en un contrato. Estas cesiones tendr\u00e1n lugar siempre que sean necesarias para prestar el servicio contratado por el interesado o para mejorar su experiencia.<\/p>\n<p>Los datos recabados por Carlos Amer Mochol\u00ed de los usuarios de su p\u00e1gina web son los siguientes:<\/p>\n<ul>\n<li>En los formularios: nombre y apellidos, direcci\u00f3n de correo electr\u00f3nico, direcci\u00f3n postal, tel\u00e9fono y otros datos identificativos.<\/li>\n<li>En la navegaci\u00f3n: direcci\u00f3n IP, patr\u00f3n de uso de la web y h\u00e1bitos de navegaci\u00f3n.<\/li>\n<\/ul>\n<p>La empresa que puede obtener sus datos personales en este caso porque provee a Carlos Amer Mochol\u00ed de asistencia en el mantenimiento de esta p\u00e1gina es Dualtec S.L.<\/p>\n<p>Si quisiera saber m\u00e1s sobre los encargados del tratamiento de datos personales, de otras categor\u00edas de interesados que no sean usuarios web porque usted pertenece a una de ellas (es cliente, trabajador, proveedor, etc.), por favor h\u00e1ganoslo llegar a la siguiente direcci\u00f3n de correo electr\u00f3nico: info@carlosamereconomista.es<\/p>\n<p>No se prev\u00e9n cesiones a terceros pa\u00edses fuera de la Uni\u00f3n Europea.<\/p>\n<h2>Elaboraci\u00f3n de perfiles<\/h2>\n<p>En Carlos Amer Mochol\u00ed se elaboran perfiles automatizados \u00fanicamente con los datos obtenidos de los usuarios web. Esto permite a la entidad conocer las caracter\u00edsticas medias de los usuarios de la p\u00e1gina para poder ofrecer as\u00ed una experiencia digital m\u00e1s adecuada a sus necesidades.<\/p>\n<h2>Derechos sobre sus Datos Personales<\/h2>\n<p>Los interesados tienen derecho a que les confirmen si Carlos Amer Mochol\u00ed trata o no sus datos personales. Adem\u00e1s, los interesados tienen derecho a acceder a sus datos personales, solicitar la rectificaci\u00f3n de sus datos inexactos o su supresi\u00f3n cuando proceda. En determinadas circunstancias, los interesados podr\u00e1n solicitar tambi\u00e9n la limitaci\u00f3n del tratamiento de datos personales y la portabilidad de esos datos a otra entidad.<\/p>\n<p>En el caso de que se den condiciones especiales en la situaci\u00f3n del interesado, este podr\u00e1 tambi\u00e9n oponerse al tratamiento de datos personales por parte de Carlos Amer Mochol\u00ed lo que implicar\u00e1 el cese inmediato en el tratamiento de su informaci\u00f3n personal y la destrucci\u00f3n de esos datos si as\u00ed lo deseara el\/la interesado\/a.<\/p>\n<p>Adem\u00e1s, los interesados tienen derecho a presentar una queja ante la autoridad de control en la materia, la Agencia Espa\u00f1ola de Protecci\u00f3n de Datos, siempre que consideren que sus derechos en protecci\u00f3n de datos han sido vulnerados. Puede obtener m\u00e1s informaci\u00f3n en www.aepd.es<\/p>\n<p>En el caso de que un\/a interesado\/a desee ejercer cualquiera de sus derechos de protecci\u00f3n de datos, deber\u00e1 dirigirse a Carlos Amer Mochol\u00ed en la siguiente direcci\u00f3n postal: C\/Marines 13, 46015 Valencia (Espa\u00f1a).<\/p>\n<p>Para mayor informaci\u00f3n podr\u00e1 enviar un email a la direcci\u00f3n info@carlosamereconomista.es, desde la que recibir\u00e1 un formulario de solicitud de ejercicio de los derechos y la debida contestaci\u00f3n el plazo m\u00e1ximo de un mes. Se recuerda que para el ejercicio de los derechos en protecci\u00f3n de datos Carlos Amer Mochol\u00ed tiene derecho a cerciorarse de la identidad del solicitante.<\/p>\n<p>La entidad Carlos Amer Mochol\u00ed se reserva el derecho de modificar esta Pol\u00edtica de Privacidad para adaptarla a los cambios futuros que pudieran tener lugar.<\/p>\n<p>Esta Pol\u00edtica de Privacidad est\u00e1 actualizada a fecha 15 de agosto de 2025.<\/p>\n<h2>Datos de contacto para ejercer sus derechos:<\/h2>\n<p>Carlos Amer Mochol\u00ed C\/Marines 13 \u2013 46015 Valencia (Espa\u00f1a). E-mail: info@carlosamereconomista.es<\/p>\n<p>Datos de contacto del delegado de protecci\u00f3n de datos: info@carlosamereconomista.es<\/p>\t\t\t\t\t\t\t\t<\/div>\n\t\t\t\t\t<\/div>\n\t\t\t\t<\/div>\n\t\t\t\t<\/div>","protected":false},"excerpt":{"rendered":"<p>Informaci\u00f3n ampliada sobre Protecci\u00f3n de Datos La entidad Carlos Amer Mochol\u00ed cumple con la normativa de privacidad y de protecci\u00f3n de datos personales vigente en la Uni\u00f3n Europea, particularmente lo referido al Reglamento (UE) 679\/2016, conocido como Reglamento General de Protecci\u00f3n de Datos (RGPD) y a la LO 3\/2018, de 5 de diciembre de Protecci\u00f3n [&hellip;]<\/p>","protected":false},"author":1,"featured_media":0,"parent":0,"menu_order":0,"comment_status":"closed","ping_status":"closed","template":"","meta":{"site-sidebar-layout":"default","site-content-layout":"","ast-site-content-layout":"default","site-content-style":"default","site-sidebar-style":"default","ast-global-header-display":"","ast-banner-title-visibility":"","ast-main-header-display":"","ast-hfb-above-header-display":"","ast-hfb-below-header-display":"","ast-hfb-mobile-header-display":"","site-post-title":"","ast-breadcrumbs-content":"","ast-featured-img":"","footer-sml-layout":"","theme-transparent-header-meta":"","adv-header-id-meta":"","stick-header-meta":"","header-above-stick-meta":"","header-main-stick-meta":"","header-below-stick-meta":"","astra-migrate-meta-layouts":"set","ast-page-background-enabled":"default","ast-page-background-meta":{"desktop":{"background-color":"","background-image":"","background-repeat":"repeat","background-position":"center center","background-size":"auto","background-attachment":"scroll","background-type":"","background-media":"","overlay-type":"","overlay-color":"","overlay-opacity":"","overlay-gradient":""},"tablet":{"background-color":"","background-image":"","background-repeat":"repeat","background-position":"center center","background-size":"auto","background-attachment":"scroll","background-type":"","background-media":"","overlay-type":"","overlay-color":"","overlay-opacity":"","overlay-gradient":""},"mobile":{"background-color":"","background-image":"","background-repeat":"repeat","background-position":"center center","background-size":"auto","background-attachment":"scroll","background-type":"","background-media":"","overlay-type":"","overlay-color":"","overlay-opacity":"","overlay-gradient":""}},"ast-content-background-meta":{"desktop":{"background-color":"var(--ast-global-color-5)","background-image":"","background-repeat":"repeat","background-position":"center center","background-size":"auto","background-attachment":"scroll","background-type":"","background-media":"","overlay-type":"","overlay-color":"","overlay-opacity":"","overlay-gradient":""},"tablet":{"background-color":"var(--ast-global-color-5)","background-image":"","background-repeat":"repeat","background-position":"center center","background-size":"auto","background-attachment":"scroll","background-type":"","background-media":"","overlay-type":"","overlay-color":"","overlay-opacity":"","overlay-gradient":""},"mobile":{"background-color":"var(--ast-global-color-5)","background-image":"","background-repeat":"repeat","background-position":"center center","background-size":"auto","background-attachment":"scroll","background-type":"","background-media":"","overlay-type":"","overlay-color":"","overlay-opacity":"","overlay-gradient":""}},"footnotes":""},"class_list":["post-3","page","type-page","status-publish","hentry"],"_links":{"self":[{"href":"https:\/\/carlosamereconomista.es\/en\/wp-json\/wp\/v2\/pages\/3","targetHints":{"allow":["GET"]}}],"collection":[{"href":"https:\/\/carlosamereconomista.es\/en\/wp-json\/wp\/v2\/pages"}],"about":[{"href":"https:\/\/carlosamereconomista.es\/en\/wp-json\/wp\/v2\/types\/page"}],"author":[{"embeddable":true,"href":"https:\/\/carlosamereconomista.es\/en\/wp-json\/wp\/v2\/users\/1"}],"replies":[{"embeddable":true,"href":"https:\/\/carlosamereconomista.es\/en\/wp-json\/wp\/v2\/comments?post=3"}],"version-history":[{"count":0,"href":"https:\/\/carlosamereconomista.es\/en\/wp-json\/wp\/v2\/pages\/3\/revisions"}],"wp:attachment":[{"href":"https:\/\/carlosamereconomista.es\/en\/wp-json\/wp\/v2\/media?parent=3"}],"curies":[{"name":"wp","href":"https:\/\/api.w.org\/{rel}","templated":true}]}}