{"id":128,"date":"2025-09-14T06:52:16","date_gmt":"2025-09-14T06:52:16","guid":{"rendered":"http:\/\/carlosamereconomista.es\/about\/"},"modified":"2025-12-16T05:29:32","modified_gmt":"2025-12-16T05:29:32","slug":"sobre-mi","status":"publish","type":"page","link":"https:\/\/carlosamereconomista.es\/en\/sobre-mi\/","title":{"rendered":"Sobre M\u00ed"},"content":{"rendered":"<div data-elementor-type=\"wp-post\" data-elementor-id=\"128\" class=\"elementor elementor-128\">\n\t\t\t\t<div class=\"elementor-element elementor-element-1337320 e-flex e-con-boxed e-con e-parent\" data-id=\"1337320\" data-element_type=\"container\" data-settings=\"{&quot;background_background&quot;:&quot;classic&quot;}\">\n\t\t\t\t\t<div class=\"e-con-inner\">\n\t\t<div class=\"elementor-element elementor-element-8c47842 e-con-full e-flex e-con e-child\" data-id=\"8c47842\" data-element_type=\"container\">\n\t\t\t\t<div class=\"elementor-element elementor-element-71ce4bd elementor-widget elementor-widget-heading\" data-id=\"71ce4bd\" data-element_type=\"widget\" data-widget_type=\"heading.default\">\n\t\t\t\t\t<h6 class=\"elementor-heading-title elementor-size-default\">Unas palabras...<\/h6>\t\t\t\t<\/div>\n\t\t\t\t<div class=\"elementor-element elementor-element-6020073 elementor-widget elementor-widget-heading\" data-id=\"6020073\" data-element_type=\"widget\" data-widget_type=\"heading.default\">\n\t\t\t\t\t<h1 class=\"elementor-heading-title elementor-size-default\">Sobre M\u00ed<\/h1>\t\t\t\t<\/div>\n\t\t\t\t<\/div>\n\t\t\t\t\t<\/div>\n\t\t\t\t<\/div>\n\t\t<div class=\"elementor-element elementor-element-d6ed0c3 e-flex e-con-boxed e-con e-parent\" data-id=\"d6ed0c3\" data-element_type=\"container\" data-settings=\"{&quot;background_background&quot;:&quot;classic&quot;}\">\n\t\t\t\t\t<div class=\"e-con-inner\">\n\t\t<div class=\"elementor-element elementor-element-a914404 e-con-full e-flex e-con e-child\" data-id=\"a914404\" data-element_type=\"container\">\n\t\t\t\t<div class=\"elementor-element elementor-element-7230681 elementor-widget elementor-widget-heading\" data-id=\"7230681\" data-element_type=\"widget\" data-widget_type=\"heading.default\">\n\t\t\t\t\t<h6 class=\"elementor-heading-title elementor-size-default\">Servicio Excepcional<\/h6>\t\t\t\t<\/div>\n\t\t\t\t<div class=\"elementor-element elementor-element-ccd6dc2 elementor-widget elementor-widget-heading\" data-id=\"ccd6dc2\" data-element_type=\"widget\" data-widget_type=\"heading.default\">\n\t\t\t\t\t<h3 class=\"elementor-heading-title elementor-size-default\">Compromiso con cada cliente<\/h3>\t\t\t\t<\/div>\n\t\t\t\t<div class=\"elementor-element elementor-element-61ed2fb elementor-widget elementor-widget-heading\" data-id=\"61ed2fb\" data-element_type=\"widget\" data-widget_type=\"heading.default\">\n\t\t\t\t\t<h5 class=\"elementor-heading-title elementor-size-default\">Compromiso con cada cliente<\/h5>\t\t\t\t<\/div>\n\t\t\t\t<div class=\"elementor-element elementor-element-c96c18c elementor-widget elementor-widget-text-editor\" data-id=\"c96c18c\" data-element_type=\"widget\" data-widget_type=\"text-editor.default\">\n\t\t\t\t\t\t\t\t\t<p>Ofrezco un servicio cercano y profesional, basado en la confianza y la transparencia. Mi prioridad es comprender las necesidades de cada aut\u00f3nomo o empresa para aportar soluciones reales y duraderas.<\/p>\t\t\t\t\t\t\t\t<\/div>\n\t\t\t\t<div class=\"elementor-element elementor-element-6edd551 elementor-widget elementor-widget-heading\" data-id=\"6edd551\" data-element_type=\"widget\" data-widget_type=\"heading.default\">\n\t\t\t\t\t<h5 class=\"elementor-heading-title elementor-size-default\">Asesoramiento fiscal y financiero de calidad<\/h5>\t\t\t\t<\/div>\n\t\t\t\t<div class=\"elementor-element elementor-element-78902c7 elementor-widget elementor-widget-text-editor\" data-id=\"78902c7\" data-element_type=\"widget\" data-widget_type=\"text-editor.default\">\n\t\t\t\t\t\t\t\t\t<p>Con m\u00e1s de 15 a\u00f1os de experiencia, pongo a disposici\u00f3n mis conocimientos para optimizar la gesti\u00f3n fiscal y financiera de mis clientes. Mi formaci\u00f3n en econom\u00eda, asesor\u00eda fiscal y direcci\u00f3n financiera me permite aportar una visi\u00f3n completa, tanto en el d\u00eda a d\u00eda como en la planificaci\u00f3n a largo plazo.<\/p>\t\t\t\t\t\t\t\t<\/div>\n\t\t\t\t<div class=\"elementor-element elementor-element-3eadc94 elementor-widget elementor-widget-heading\" data-id=\"3eadc94\" data-element_type=\"widget\" data-widget_type=\"heading.default\">\n\t\t\t\t\t<h5 class=\"elementor-heading-title elementor-size-default\">T\u00fa creces, yo me ocupo de la gesti\u00f3n<\/h5>\t\t\t\t<\/div>\n\t\t\t\t<div class=\"elementor-element elementor-element-bd3b38b elementor-widget elementor-widget-text-editor\" data-id=\"bd3b38b\" data-element_type=\"widget\" data-widget_type=\"text-editor.default\">\n\t\t\t\t\t\t\t\t\t<p>Mi objetivo es que los aut\u00f3nomos y empresarios dediquen su tiempo a lo que realmente saben hacer: hacer crecer su negocio. Yo me encargo de que las obligaciones fiscales y financieras est\u00e9n siempre bajo control, con rigor t\u00e9cnico y sin imprevistos.<\/p>\t\t\t\t\t\t\t\t<\/div>\n\t\t\t\t<\/div>\n\t\t<div class=\"elementor-element elementor-element-a706181 e-con-full e-flex e-con e-child\" data-id=\"a706181\" data-element_type=\"container\" data-settings=\"{&quot;background_background&quot;:&quot;classic&quot;}\">\n\t\t\t\t<div class=\"elementor-element elementor-element-068e80d elementor-widget elementor-widget-image\" data-id=\"068e80d\" data-element_type=\"widget\" data-widget_type=\"image.default\">\n\t\t\t\t\t\t\t\t\t\t\t\t\t\t\t<img fetchpriority=\"high\" decoding=\"async\" width=\"640\" height=\"426\" src=\"https:\/\/carlosamereconomista.es\/wp-content\/uploads\/2020\/07\/crop-payroll-clerk-counting-money-while-sitting-at-table.jpg\" class=\"attachment-full size-full wp-image-504\" alt=\"crop payroll clerk counting money while sitting at table\" \/>\t\t\t\t\t\t\t\t\t\t\t\t\t\t\t<\/div>\n\t\t\t\t<div class=\"elementor-element elementor-element-1624780 elementor-widget elementor-widget-image\" data-id=\"1624780\" data-element_type=\"widget\" data-widget_type=\"image.default\">\n\t\t\t\t\t\t\t\t\t\t\t\t\t\t\t<img decoding=\"async\" width=\"640\" height=\"426\" src=\"https:\/\/carlosamereconomista.es\/wp-content\/uploads\/2020\/07\/crop-woman-using-calculator-and-taking-notes-on-paper.jpg\" class=\"attachment-full size-full wp-image-505\" alt=\"crop woman using calculator and taking notes on paper\" \/>\t\t\t\t\t\t\t\t\t\t\t\t\t\t\t<\/div>\n\t\t\t\t<\/div>\n\t\t\t\t\t<\/div>\n\t\t\t\t<\/div>\n\t\t<div class=\"elementor-element elementor-element-8ee5ef8 e-flex e-con-boxed e-con e-parent\" data-id=\"8ee5ef8\" data-element_type=\"container\">\n\t\t\t\t\t<div class=\"e-con-inner\">\n\t\t<div class=\"elementor-element elementor-element-fa54e5a e-con-full e-flex e-con e-child\" data-id=\"fa54e5a\" data-element_type=\"container\">\n\t\t\t\t<div class=\"elementor-element elementor-element-ed25773 elementor-widget elementor-widget-heading\" data-id=\"ed25773\" data-element_type=\"widget\" data-widget_type=\"heading.default\">\n\t\t\t\t\t<h6 class=\"elementor-heading-title elementor-size-default\">Compromiso<\/h6>\t\t\t\t<\/div>\n\t\t\t\t<div class=\"elementor-element elementor-element-0f469a3 elementor-widget elementor-widget-heading\" data-id=\"0f469a3\" data-element_type=\"widget\" data-widget_type=\"heading.default\">\n\t\t\t\t\t<h3 class=\"elementor-heading-title elementor-size-default\">Creo firmemente que un asesor no solo debe resolver problemas, sino tambi\u00e9n prevenirlos<\/h3>\t\t\t\t<\/div>\n\t\t\t\t<\/div>\n\t\t<div class=\"elementor-element elementor-element-5e0ac77 e-con-full e-flex e-con e-child\" data-id=\"5e0ac77\" data-element_type=\"container\">\n\t\t\t\t<div class=\"elementor-element elementor-element-cd1f0b3 elementor-widget elementor-widget-text-editor\" data-id=\"cd1f0b3\" data-element_type=\"widget\" data-widget_type=\"text-editor.default\">\n\t\t\t\t\t\t\t\t\t<p>A lo largo de mi trayectoria he tenido la oportunidad de trabajar con clientes muy diversos, desde profesionales aut\u00f3nomos hasta grupos empresariales de gran envergadura. Esta experiencia me ha permitido desarrollar una visi\u00f3n global de la gesti\u00f3n fiscal y financiera, anticipando riesgos y detectando oportunidades de mejora. Creo firmemente que un asesor no solo debe resolver problemas, sino tambi\u00e9n prevenirlos y acompa\u00f1ar al cliente en sus decisiones m\u00e1s importantes. Por eso, dedico tiempo a escuchar, analizar y proponer soluciones personalizadas que encajen con cada situaci\u00f3n. Mi compromiso es ofrecer un trabajo exacto, a tiempo y con plena disponibilidad, porque s\u00e9 que detr\u00e1s de cada empresa hay personas que conf\u00edan en mi labor.<\/p>\t\t\t\t\t\t\t\t<\/div>\n\t\t\t\t<\/div>\n\t\t\t\t\t<\/div>\n\t\t\t\t<\/div>\n\t\t<div class=\"elementor-element elementor-element-93d9f62 elementor-hidden-desktop elementor-hidden-tablet elementor-hidden-mobile e-flex e-con-boxed e-con e-parent\" data-id=\"93d9f62\" data-element_type=\"container\" data-settings=\"{&quot;background_background&quot;:&quot;classic&quot;}\">\n\t\t\t\t\t<div class=\"e-con-inner\">\n\t\t<div class=\"elementor-element elementor-element-32a970e e-con-full e-flex e-con e-child\" data-id=\"32a970e\" data-element_type=\"container\">\n\t\t\t\t<div class=\"elementor-element elementor-element-a451b00 elementor-widget elementor-widget-heading\" data-id=\"a451b00\" data-element_type=\"widget\" data-widget_type=\"heading.default\">\n\t\t\t\t\t<h4 class=\"elementor-heading-title elementor-size-default\">As Featured In:<\/h4>\t\t\t\t<\/div>\n\t\t\t\t<\/div>\n\t\t<div class=\"elementor-element elementor-element-c0a6b8a e-con-full e-flex e-con e-child\" data-id=\"c0a6b8a\" data-element_type=\"container\">\n\t\t\t\t<div class=\"elementor-element elementor-element-8430c3c elementor-arrows-position-outside elementor-widget elementor-widget-image-carousel\" data-id=\"8430c3c\" data-element_type=\"widget\" data-settings=\"{&quot;slides_to_show&quot;:&quot;4&quot;,&quot;slides_to_show_tablet&quot;:&quot;3&quot;,&quot;slides_to_show_mobile&quot;:&quot;2&quot;,&quot;slides_to_scroll&quot;:&quot;1&quot;,&quot;navigation&quot;:&quot;arrows&quot;,&quot;autoplay&quot;:&quot;yes&quot;,&quot;pause_on_hover&quot;:&quot;yes&quot;,&quot;pause_on_interaction&quot;:&quot;yes&quot;,&quot;autoplay_speed&quot;:5000,&quot;infinite&quot;:&quot;yes&quot;,&quot;speed&quot;:500}\" data-widget_type=\"image-carousel.default\">\n\t\t\t\t\t\t\t<div class=\"elementor-image-carousel-wrapper swiper\" role=\"region\" aria-roledescription=\"carousel\" aria-label=\"Carrusel de im\u00e1genes\" dir=\"ltr\">\n\t\t\t<div class=\"elementor-image-carousel swiper-wrapper\" aria-live=\"off\">\n\t\t\t\t\t\t\t\t<div class=\"swiper-slide\" role=\"group\" aria-roledescription=\"slide\" aria-label=\"1 de 4\"><figure class=\"swiper-slide-inner\"><img decoding=\"async\" class=\"swiper-slide-image\" src=\"https:\/\/carlosamereconomista.es\/wp-content\/uploads\/2021\/07\/logo-1.svg\" alt=\"logo 1\" \/><\/figure><\/div><div class=\"swiper-slide\" role=\"group\" aria-roledescription=\"slide\" aria-label=\"2 de 4\"><figure class=\"swiper-slide-inner\"><img decoding=\"async\" class=\"swiper-slide-image\" src=\"https:\/\/carlosamereconomista.es\/wp-content\/uploads\/2021\/07\/logo-3.svg\" alt=\"logo 3\" \/><\/figure><\/div><div class=\"swiper-slide\" role=\"group\" aria-roledescription=\"slide\" aria-label=\"3 de 4\"><figure class=\"swiper-slide-inner\"><img decoding=\"async\" class=\"swiper-slide-image\" src=\"https:\/\/carlosamereconomista.es\/wp-content\/uploads\/2021\/07\/logo-4.svg\" alt=\"logo 4\" \/><\/figure><\/div><div class=\"swiper-slide\" role=\"group\" aria-roledescription=\"slide\" aria-label=\"4 de 4\"><figure class=\"swiper-slide-inner\"><img decoding=\"async\" class=\"swiper-slide-image\" src=\"https:\/\/carlosamereconomista.es\/wp-content\/uploads\/2021\/07\/logo-5.svg\" alt=\"logo 5\" \/><\/figure><\/div>\t\t\t<\/div>\n\t\t\t\t\t\t\t\t\t\t\t\t<div class=\"elementor-swiper-button elementor-swiper-button-prev\" role=\"button\" tabindex=\"0\">\n\t\t\t\t\t\t<svg aria-hidden=\"true\" class=\"e-font-icon-svg e-eicon-chevron-left\" viewbox=\"0 0 1000 1000\" xmlns=\"http:\/\/www.w3.org\/2000\/svg\"><path d=\"M646 125C629 125 613 133 604 142L308 442C296 454 292 471 292 487 292 504 296 521 308 533L604 854C617 867 629 875 646 875 663 875 679 871 692 858 704 846 713 829 713 812 713 796 708 779 692 767L438 487 692 225C700 217 708 204 708 187 708 171 704 154 692 142 675 129 663 125 646 125Z\"><\/path><\/svg>\t\t\t\t\t<\/div>\n\t\t\t\t\t<div class=\"elementor-swiper-button elementor-swiper-button-next\" role=\"button\" tabindex=\"0\">\n\t\t\t\t\t\t<svg aria-hidden=\"true\" class=\"e-font-icon-svg e-eicon-chevron-right\" viewbox=\"0 0 1000 1000\" xmlns=\"http:\/\/www.w3.org\/2000\/svg\"><path d=\"M696 533C708 521 713 504 713 487 713 471 708 454 696 446L400 146C388 133 375 125 354 125 338 125 325 129 313 142 300 154 292 171 292 187 292 204 296 221 308 233L563 492 304 771C292 783 288 800 288 817 288 833 296 850 308 863 321 871 338 875 354 875 371 875 388 867 400 854L696 533Z\"><\/path><\/svg>\t\t\t\t\t<\/div>\n\t\t\t\t\n\t\t\t\t\t\t\t\t\t<\/div>\n\t\t\t\t\t\t<\/div>\n\t\t\t\t<\/div>\n\t\t\t\t\t<\/div>\n\t\t\t\t<\/div>\n\t\t<div class=\"elementor-element elementor-element-0f8540c elementor-hidden-desktop elementor-hidden-tablet elementor-hidden-mobile e-flex e-con-boxed e-con e-parent\" data-id=\"0f8540c\" data-element_type=\"container\" data-settings=\"{&quot;background_background&quot;:&quot;classic&quot;}\">\n\t\t\t\t\t<div class=\"e-con-inner\">\n\t\t<div class=\"elementor-element elementor-element-07dc55a e-con-full e-flex e-con e-child\" data-id=\"07dc55a\" data-element_type=\"container\">\n\t\t\t\t<div class=\"elementor-element elementor-element-65794cd elementor-widget elementor-widget-heading\" data-id=\"65794cd\" data-element_type=\"widget\" data-widget_type=\"heading.default\">\n\t\t\t\t\t<h6 class=\"elementor-heading-title elementor-size-default\">Free Estimation<\/h6>\t\t\t\t<\/div>\n\t\t\t\t<div class=\"elementor-element elementor-element-0fd4a4d elementor-widget elementor-widget-heading\" data-id=\"0fd4a4d\" data-element_type=\"widget\" data-widget_type=\"heading.default\">\n\t\t\t\t\t<h2 class=\"elementor-heading-title elementor-size-default\">Request A Quote<\/h2>\t\t\t\t<\/div>\n\t\t\t\t<div class=\"elementor-element elementor-element-82880dd elementor-widget elementor-widget-text-editor\" data-id=\"82880dd\" data-element_type=\"widget\" data-widget_type=\"text-editor.default\">\n\t\t\t\t\t\t\t\t\t<p>I am text block. Click edit button to change this text. Lorem ipsum dolor sit amet, consectetur adipiscing elit. Ut elit tellus, luctus nec ullamcorper mattis.<\/p>\t\t\t\t\t\t\t\t<\/div>\n\t\t\t\t<div class=\"elementor-element elementor-element-2a2bd34 elementor-align-center elementor-mobile-align-center elementor-widget elementor-widget-button\" data-id=\"2a2bd34\" data-element_type=\"widget\" data-widget_type=\"button.default\">\n\t\t\t\t\t\t\t\t\t\t<a class=\"elementor-button elementor-button-link elementor-size-md\" href=\"#\">\n\t\t\t\t\t\t<span class=\"elementor-button-content-wrapper\">\n\t\t\t\t\t\t\t\t\t<span class=\"elementor-button-text\">Get A Quote<\/span>\n\t\t\t\t\t<\/span>\n\t\t\t\t\t<\/a>\n\t\t\t\t\t\t\t\t<\/div>\n\t\t\t\t<\/div>\n\t\t\t\t\t<\/div>\n\t\t\t\t<\/div>\n\t\t\t\t<\/div>","protected":false},"excerpt":{"rendered":"<p>Unas palabras&#8230; Sobre M\u00ed Servicio Excepcional Compromiso con cada cliente Compromiso con cada cliente Ofrezco un servicio cercano y profesional, basado en la confianza y la transparencia. Mi prioridad es comprender las necesidades de cada aut\u00f3nomo o empresa para aportar soluciones reales y duraderas. Asesoramiento fiscal y financiero de calidad Con m\u00e1s de 15 a\u00f1os [&hellip;]<\/p>","protected":false},"author":1,"featured_media":0,"parent":0,"menu_order":0,"comment_status":"closed","ping_status":"closed","template":"","meta":{"site-sidebar-layout":"default","site-content-layout":"page-builder","ast-site-content-layout":"default","site-content-style":"default","site-sidebar-style":"default","ast-global-header-display":"","ast-banner-title-visibility":"","ast-main-header-display":"","ast-hfb-above-header-display":"","ast-hfb-below-header-display":"","ast-hfb-mobile-header-display":"","site-post-title":"disabled","ast-breadcrumbs-content":"","ast-featured-img":"disabled","footer-sml-layout":"","theme-transparent-header-meta":"enabled","adv-header-id-meta":"","stick-header-meta":"","header-above-stick-meta":"","header-main-stick-meta":"","header-below-stick-meta":"","astra-migrate-meta-layouts":"default","ast-page-background-enabled":"default","ast-page-background-meta":{"desktop":{"background-color":"","background-image":"","background-repeat":"repeat","background-position":"center center","background-size":"auto","background-attachment":"scroll","background-type":"","background-media":"","overlay-type":"","overlay-color":"","overlay-opacity":"","overlay-gradient":""},"tablet":{"background-color":"","background-image":"","background-repeat":"repeat","background-position":"center center","background-size":"auto","background-attachment":"scroll","background-type":"","background-media":"","overlay-type":"","overlay-color":"","overlay-opacity":"","overlay-gradient":""},"mobile":{"background-color":"","background-image":"","background-repeat":"repeat","background-position":"center center","background-size":"auto","background-attachment":"scroll","background-type":"","background-media":"","overlay-type":"","overlay-color":"","overlay-opacity":"","overlay-gradient":""}},"ast-content-background-meta":{"desktop":{"background-color":"var(--ast-global-color-5)","background-image":"","background-repeat":"repeat","background-position":"center center","background-size":"auto","background-attachment":"scroll","background-type":"","background-media":"","overlay-type":"","overlay-color":"","overlay-opacity":"","overlay-gradient":""},"tablet":{"background-color":"var(--ast-global-color-5)","background-image":"","background-repeat":"repeat","background-position":"center center","background-size":"auto","background-attachment":"scroll","background-type":"","background-media":"","overlay-type":"","overlay-color":"","overlay-opacity":"","overlay-gradient":""},"mobile":{"background-color":"var(--ast-global-color-5)","background-image":"","background-repeat":"repeat","background-position":"center center","background-size":"auto","background-attachment":"scroll","background-type":"","background-media":"","overlay-type":"","overlay-color":"","overlay-opacity":"","overlay-gradient":""}},"footnotes":""},"class_list":["post-128","page","type-page","status-publish","hentry"],"_links":{"self":[{"href":"https:\/\/carlosamereconomista.es\/en\/wp-json\/wp\/v2\/pages\/128","targetHints":{"allow":["GET"]}}],"collection":[{"href":"https:\/\/carlosamereconomista.es\/en\/wp-json\/wp\/v2\/pages"}],"about":[{"href":"https:\/\/carlosamereconomista.es\/en\/wp-json\/wp\/v2\/types\/page"}],"author":[{"embeddable":true,"href":"https:\/\/carlosamereconomista.es\/en\/wp-json\/wp\/v2\/users\/1"}],"replies":[{"embeddable":true,"href":"https:\/\/carlosamereconomista.es\/en\/wp-json\/wp\/v2\/comments?post=128"}],"version-history":[{"count":0,"href":"https:\/\/carlosamereconomista.es\/en\/wp-json\/wp\/v2\/pages\/128\/revisions"}],"wp:attachment":[{"href":"https:\/\/carlosamereconomista.es\/en\/wp-json\/wp\/v2\/media?parent=128"}],"curies":[{"name":"wp","href":"https:\/\/api.w.org\/{rel}","templated":true}]}}