{"id":1277,"date":"2025-10-24T18:44:29","date_gmt":"2025-10-24T18:44:29","guid":{"rendered":"https:\/\/carlosamereconomista.es\/?page_id=1277"},"modified":"2026-03-06T07:28:58","modified_gmt":"2026-03-06T07:28:58","slug":"declaracion-de-accesibilidad","status":"publish","type":"page","link":"https:\/\/carlosamereconomista.es\/en\/declaracion-de-accesibilidad\/","title":{"rendered":"Declaraci\u00f3n de accesibilidad"},"content":{"rendered":"<div data-elementor-type=\"wp-page\" data-elementor-id=\"1277\" class=\"elementor elementor-1277\">\n\t\t\t\t<div class=\"elementor-element elementor-element-640b1e8 e-flex e-con-boxed e-con e-parent\" data-id=\"640b1e8\" data-element_type=\"container\">\n\t\t\t\t\t<div class=\"e-con-inner\">\n\t\t\t\t<div class=\"elementor-element elementor-element-1326de8 elementor-widget elementor-widget-text-editor\" data-id=\"1326de8\" data-element_type=\"widget\" data-widget_type=\"text-editor.default\">\n\t\t\t\t\t\t\t\t\t<h2>1. Declaraci\u00f3n de accesibilidad<\/h2><p>Esta web se ha comprometido a hacer accesible contenido de conformidad con el criterio de accesibilidad del Programa Kit Digital, conforme a los anexos de la norma UNE-EN 301 549:2022.<\/p><h2>2. Situaci\u00f3n de cumplimiento<\/h2><p>Las tecnolog\u00edas web en las que se basa la conformidad de la accesibilidad del presente sitio son\u00a0<b>HTML5<\/b>\u00a0,\u00a0<b>CSS<\/b>\u00a0,\u00a0<b>WAI-ARIA<\/b>\u00a0,<strong>\u00a0ECMAScript 5,<\/strong>\u00a0<b>DOM as\u00ed como OTRAS tecnolog\u00edas<\/b>\u00a0de la plataforma\u00a0<strong>WordPress<\/strong>\u00a0url:\u00a0https:\/\/wordpress.org<\/p><p>Con motivo de lo anterior, este sitio web es\u00a0<b>PARCIALMENTE CONFORME<\/b>\u00a0, siendo los aspectos de accesibilidad con los que es conforme la presente web los siguientes:<\/p><ul><li>Requisitos web<\/li><\/ul><p>9.1.1.1 Contenido no textual<br \/>9.1.3.1 Informaci\u00f3n y relaciones<br \/>9.1.3.2 Secuencia significativa<br \/>9.1.3.3 Caracter\u00edsticas sensoriales<br \/>9.1.3.4 Orientaci\u00f3n<br \/>9.1.3.5 Identificaci\u00f3n del prop\u00f3sito<br \/>9.1.4.1 Uso del Color<br \/>9.1.4.3 Contraste (m\u00ednimo)<br \/>9.1.4.4 Cambio de tama\u00f1o del texto<br \/>9.1.4.5 Im\u00e1genes de texto<br \/>9.1.4.10 Reajuste del texto<br \/>9.1.4.11 Contraste no textual<br \/>9.1.4.12 Espaciado del texto<br \/>9.1.4.13 Contenido se\u00f1alado con el puntero o que tiene el foco<br \/>9.2.1.1 Teclado<br \/>9.2.1.2 Sin trampas para el foco del teclado<br \/>9.2.2.2 Poner en pausa, detener, ocultar<br \/>9.2.3.1 Umbral de tres destellos o menos<br \/>9.2.4.1 Evitar bloques<br \/>9.2.4.2 Titulado de p\u00e1ginas<br \/>9.2.4.3 Orden del foco<br \/>9.2.4.4 Prop\u00f3sito de los enlaces (en contexto)<br \/>9.2.4.5 M\u00faltiples v\u00edas<br \/>9.2.4.6 Encabezados y etiquetas<br \/>9.2.4.7 Foco visible<br \/>9.2.5.1 Gestos con el puntero<br \/>9.2.5.2 Cancelaci\u00f3n del puntero<br \/>9.2.5.3 Inclusi\u00f3n de la etiqueta en el nombre<br \/>9.3.1.1 Idioma de la p\u00e1gina<br \/>9.3.1.2 Idioma de las partes<br \/>9.3.2.1 Al recibir el foco<br \/>9.3.2.2 Al recibir entradas<br \/>9.3.2.3 Navegaci\u00f3n coherente<br \/>9.3.2.4 Identificaci\u00f3n coherente<br \/>9.3.3.1 Identificaci\u00f3n de errores<br \/>9.3.3.2 Etiquetas o instrucciones<br \/>9.3.3.3 Sugerencias ante errores<br \/>9.3.3.4 Prevenci\u00f3n de errores (legales, financieros, de datos)<br \/>9.4.1.1 Procesamiento<\/p><ul><li>Requisitos software<\/li><\/ul><p>11.7 Preferencias de usuario<br \/>11.8.1 Tecnolog\u00eda de gesti\u00f3n de contenidos<br \/>11.8.2 Creaci\u00f3n de contenidos accesibles<br \/>11.8.3 Preservaci\u00f3n de la informaci\u00f3n de accesibilidad durante las transformaciones<br \/>11.8.5 Plantillas<\/p><ul><li>Requisitos documentaci\u00f3n y servicios de apoyo<\/li><\/ul><p>12.1.1 Caracter\u00edsticas de accesibilidad y compatibilidad<br \/>12.1.2 Documentaci\u00f3n accesible<br \/>12.2.2 Informaci\u00f3n sobre las caracter\u00edsticas de accesibilidad y compatibilidad<br \/>12.2.3 Comunicaci\u00f3n efectiva<br \/>12.2.4 Documentaci\u00f3n accesible<\/p><h2>3. Contenido no accesible<\/h2><p>Por el contrario, el contenido de los puntos que se recogen a continuaci\u00f3n no son accesibles por los siguientes motivos:<\/p><h2 id=\"\" class=\"\">9.4.1.3 Mensajes de estado (Condicional)<\/h2><p>Condici\u00f3n: Cuando las TIC sean una p\u00e1gina web<\/p><p>En el contenido implementado usando lenguajes de marcado, los mensajes de estado se pueden determinar mediante roles o propiedades, de modo que se puedan presentar al usuario mediante tecnolog\u00edas de asistencia sin recibir atenci\u00f3n.<\/p><p><a href=\"https:\/\/www.w3.org\/TR\/WCAG\/#status-messages\" rel=\"noopener\">https:\/\/www.w3.org\/TR\/WCAG\/#status-messages<\/a><\/p><h2 id=\"\" class=\"\">9.6 Requisitos de conformidad de las Pautas WCAG (Condicional)<\/h2><p>Condici\u00f3n: Cuando las TIC sean una p\u00e1gina web<\/p><p>Se deben satisfacer, en el nivel AA, los cinco requisitos de conformidad de las Pautas WCAG 2.1 siguientes [5]:<\/p><p>1) nivel de conformidad;<\/p><p>2) p\u00e1ginas completas;<\/p><p>3) procesos completos;<\/p><p>4) uso de tecnolog\u00edas exclusivamente seg\u00fan m\u00e9todos que sean compatibles con la accesibilidad;<\/p><p>5) sin interferencia.<\/p><p>NOTA 1 En el caso de que una p\u00e1gina web cumpla todos los requisitos 9.1 a 9.4 o se proporcione una versi\u00f3n alternativa conforme al nivel AA (como se define en las Pautas WCAG 2.1 [5]), se cumplir\u00e1 el requisito de conformidad 1.<\/p><p>NOTA 2 Seg\u00fan el WC3, \u00abLas Pautas WCAG 2.1 ampl\u00edan las Pautas de Accesibilidad para Contenido Web 2.0 [4], que se publicaron en formato de Recomendaci\u00f3n del WWW en diciembre de 2008. Los contenidos que est\u00e1n conformes con las Pautas WCAG 2.1 tambi\u00e9n lo est\u00e1n con las Pautas WCAG 2.0 y, en consecuencia, con las pol\u00edticas que hacen referencia a las Pautas WCAG 2.0 [4].<\/p><p>NOTA 3 El requisito de conformidad 5 establece que todo el contenido de la p\u00e1gina, incluyendo el contenido que, de otra manera, no servir\u00eda de base para conseguir la conformidad, cumple los apartados 9.1.4.2, 9.2.1.2, 9.2.2.2 y 9.2.3.1.<\/p><h2 id=\"\" class=\"\">11.8.4 Servicio de reparaci\u00f3n (Condicional)<\/h2><p>Condici\u00f3n: Cuando el contenido web sea una herramienta de autor.<\/p><p>Si la funcionalidad de verificaci\u00f3n de la accesibilidad de una herramienta de autor puede detectar si el contenido no cumple un requisito de los cap\u00edtulos 9 (Web) o 10 (Documentos no web), seg\u00fan proceda, entonces la herramienta de autor debe proporcionar una(s) sugerencia(s) para su reparaci\u00f3n.<\/p><p>NOTA Esto no excluye una reparaci\u00f3n autom\u00e1tica o semiautom\u00e1tica, que es posible (y recomendable) para muchos de los tipos de problemas de accesibilidad del contenido.<\/p><h2>4. Preparaci\u00f3n de la presente declaraci\u00f3n de accesibilidad<\/h2><p>La presente declaraci\u00f3n fue preparada el 15 de septiembre de 2025.<\/p><p>El m\u00e9todo empleado para preparar la declaraci\u00f3n ha sido una autoevaluaci\u00f3n llevada a cabo por la propia empresa,\u00a0 la cual certifica que el presente sitio web corresponde sustancialmente a la interpretaci\u00f3n de la gu\u00eda informativa proporcionada por las pautas WCAG 2.1 AA. En este esfuerzo continuo en la eliminaci\u00f3n de barreras y seguir\u00e1n mejorando este sitio hasta alcanzar una accesibilidad y usabilidad \u00f3ptimas para todos los usuarios<\/p><p>\u00daltima revisi\u00f3n de la declaraci\u00f3n: 15 de febrero de 2026.<\/p><h2>5. Observaciones y datos de contacto<\/h2><p>Si encuentra barreras de acceso o problemas con alguna p\u00e1gina o funci\u00f3n de este sitio web que pueda suponer un obst\u00e1culo para los visitantes que quieran acceder a \u00e9l, puede ponerse en contacto en cualquier momento en la direcci\u00f3n de correo electr\u00f3nico del aviso legal.<\/p>\t\t\t\t\t\t\t\t<\/div>\n\t\t\t\t\t<\/div>\n\t\t\t\t<\/div>\n\t\t\t\t<\/div>","protected":false},"excerpt":{"rendered":"<p>1. Declaraci\u00f3n de accesibilidad Esta web se ha comprometido a hacer accesible contenido de conformidad con el criterio de accesibilidad del Programa Kit Digital, conforme a los anexos de la norma UNE-EN 301 549:2022. 2. Situaci\u00f3n de cumplimiento Las tecnolog\u00edas web en las que se basa la conformidad de la accesibilidad del presente sitio son\u00a0HTML5\u00a0,\u00a0CSS\u00a0,\u00a0WAI-ARIA\u00a0,\u00a0ECMAScript [&hellip;]<\/p>","protected":false},"author":1,"featured_media":0,"parent":0,"menu_order":0,"comment_status":"closed","ping_status":"closed","template":"","meta":{"site-sidebar-layout":"no-sidebar","site-content-layout":"page-builder","ast-site-content-layout":"full-width-container","site-content-style":"default","site-sidebar-style":"default","ast-global-header-display":"","ast-banner-title-visibility":"","ast-main-header-display":"","ast-hfb-above-header-display":"","ast-hfb-below-header-display":"","ast-hfb-mobile-header-display":"","site-post-title":"","ast-breadcrumbs-content":"","ast-featured-img":"disabled","footer-sml-layout":"","theme-transparent-header-meta":"","adv-header-id-meta":"","stick-header-meta":"","header-above-stick-meta":"","header-main-stick-meta":"","header-below-stick-meta":"","astra-migrate-meta-layouts":"set","ast-page-background-enabled":"default","ast-page-background-meta":{"desktop":{"background-color":"","background-image":"","background-repeat":"repeat","background-position":"center center","background-size":"auto","background-attachment":"scroll","background-type":"","background-media":"","overlay-type":"","overlay-color":"","overlay-opacity":"","overlay-gradient":""},"tablet":{"background-color":"","background-image":"","background-repeat":"repeat","background-position":"center center","background-size":"auto","background-attachment":"scroll","background-type":"","background-media":"","overlay-type":"","overlay-color":"","overlay-opacity":"","overlay-gradient":""},"mobile":{"background-color":"","background-image":"","background-repeat":"repeat","background-position":"center center","background-size":"auto","background-attachment":"scroll","background-type":"","background-media":"","overlay-type":"","overlay-color":"","overlay-opacity":"","overlay-gradient":""}},"ast-content-background-meta":{"desktop":{"background-color":"var(--ast-global-color-5)","background-image":"","background-repeat":"repeat","background-position":"center center","background-size":"auto","background-attachment":"scroll","background-type":"","background-media":"","overlay-type":"","overlay-color":"","overlay-opacity":"","overlay-gradient":""},"tablet":{"background-color":"var(--ast-global-color-5)","background-image":"","background-repeat":"repeat","background-position":"center center","background-size":"auto","background-attachment":"scroll","background-type":"","background-media":"","overlay-type":"","overlay-color":"","overlay-opacity":"","overlay-gradient":""},"mobile":{"background-color":"var(--ast-global-color-5)","background-image":"","background-repeat":"repeat","background-position":"center center","background-size":"auto","background-attachment":"scroll","background-type":"","background-media":"","overlay-type":"","overlay-color":"","overlay-opacity":"","overlay-gradient":""}},"footnotes":""},"class_list":["post-1277","page","type-page","status-publish","hentry"],"_links":{"self":[{"href":"https:\/\/carlosamereconomista.es\/en\/wp-json\/wp\/v2\/pages\/1277","targetHints":{"allow":["GET"]}}],"collection":[{"href":"https:\/\/carlosamereconomista.es\/en\/wp-json\/wp\/v2\/pages"}],"about":[{"href":"https:\/\/carlosamereconomista.es\/en\/wp-json\/wp\/v2\/types\/page"}],"author":[{"embeddable":true,"href":"https:\/\/carlosamereconomista.es\/en\/wp-json\/wp\/v2\/users\/1"}],"replies":[{"embeddable":true,"href":"https:\/\/carlosamereconomista.es\/en\/wp-json\/wp\/v2\/comments?post=1277"}],"version-history":[{"count":0,"href":"https:\/\/carlosamereconomista.es\/en\/wp-json\/wp\/v2\/pages\/1277\/revisions"}],"wp:attachment":[{"href":"https:\/\/carlosamereconomista.es\/en\/wp-json\/wp\/v2\/media?parent=1277"}],"curies":[{"name":"wp","href":"https:\/\/api.w.org\/{rel}","templated":true}]}}